{"id":177,"date":"2014-11-24T15:05:22","date_gmt":"2014-11-24T13:05:22","guid":{"rendered":"http:\/\/proditum.se\/?page_id=177"},"modified":"2015-04-22T07:52:30","modified_gmt":"2015-04-22T05:52:30","slug":"kompetenser","status":"publish","type":"page","link":"https:\/\/proditum.se\/?page_id=177","title":{"rendered":"Kompetenser"},"content":{"rendered":"<div style=\"font-size: 16px;\">Teknik<\/div>\n<div style=\"font-size: 14px;\">\n<ul>\n<li>N\u00e4tverksl\u00f6sningar s\u00e5som Microsoft VPN, CISCO m.fl<\/li>\n<li>Skrivarkonfigurering, installation<\/li>\n<li>SharePoint\n<ul>\n<li>Integration mot Office<\/li>\n<li>Anpassningar av sidor, mallar<\/li>\n<\/ul>\n<\/li>\n<\/ul>\n<\/div>\n<div style=\"font-size: 16px;\">Certifieringar<\/div>\n<div style=\"font-size: 14px;\">\n<ul>\n<li>Dynamics NAV Developer<\/li>\n<li>Certifierad projektledare (enligt <a title=\"peil\" href=\"http:\/\/pejl.se\/?page_id=3707\" target=\"_blank\">Peil<\/a>)<\/li>\n<\/ul>\n<\/div>\n<div style=\"font-size: 16px;\">\u00d6vrigt<\/div>\n<div style=\"font-size: 14px;\">\n<ul>\n<li>Styrelsearbete<\/li>\n<li>Intern revisioner f\u00f6r f\u00f6reningar<\/li>\n<\/ul>\n<\/div>\n","protected":false},"excerpt":{"rendered":"<p>Teknik N\u00e4tverksl\u00f6sningar s\u00e5som Microsoft VPN, CISCO m.fl Skrivarkonfigurering, installation SharePoint Integration mot Office Anpassningar av sidor, mallar Certifieringar Dynamics NAV Developer Certifierad projektledare (enligt Peil) \u00d6vrigt Styrelsearbete Intern revisioner f\u00f6r f\u00f6reningar<\/p>\n","protected":false},"author":4,"featured_media":0,"parent":0,"menu_order":4,"comment_status":"closed","ping_status":"closed","template":"","meta":{"footnotes":""},"class_list":["post-177","page","type-page","status-publish","hentry"],"_links":{"self":[{"href":"https:\/\/proditum.se\/index.php?rest_route=\/wp\/v2\/pages\/177","targetHints":{"allow":["GET"]}}],"collection":[{"href":"https:\/\/proditum.se\/index.php?rest_route=\/wp\/v2\/pages"}],"about":[{"href":"https:\/\/proditum.se\/index.php?rest_route=\/wp\/v2\/types\/page"}],"author":[{"embeddable":true,"href":"https:\/\/proditum.se\/index.php?rest_route=\/wp\/v2\/users\/4"}],"replies":[{"embeddable":true,"href":"https:\/\/proditum.se\/index.php?rest_route=%2Fwp%2Fv2%2Fcomments&post=177"}],"version-history":[{"count":10,"href":"https:\/\/proditum.se\/index.php?rest_route=\/wp\/v2\/pages\/177\/revisions"}],"predecessor-version":[{"id":297,"href":"https:\/\/proditum.se\/index.php?rest_route=\/wp\/v2\/pages\/177\/revisions\/297"}],"wp:attachment":[{"href":"https:\/\/proditum.se\/index.php?rest_route=%2Fwp%2Fv2%2Fmedia&parent=177"}],"curies":[{"name":"wp","href":"https:\/\/api.w.org\/{rel}","templated":true}]}}